{"id":20435,"date":"2022-03-10T15:36:03","date_gmt":"2022-03-10T13:36:03","guid":{"rendered":"https:\/\/absolutprint.ro\/?page_id=20435"},"modified":"2023-01-30T17:33:15","modified_gmt":"2023-01-30T15:33:15","slug":"privacy-policy","status":"publish","type":"page","link":"https:\/\/absolutprint.ro\/en\/privacy-policy\/","title":{"rendered":"Privacy policy"},"content":{"rendered":"<div class=\"fusion-fullwidth fullwidth-box fusion-builder-row-1 fusion-flex-container nonhundred-percent-fullwidth non-hundred-percent-height-scrolling\" style=\"background-color: rgba(255,255,255,0);background-position: center center;background-repeat: no-repeat;border-width: 0px 0px 0px 0px;border-color:var(--awb-color3);border-style:solid;\" ><div class=\"fusion-builder-row fusion-row fusion-flex-align-items-flex-start fusion-flex-justify-content-center\" style=\"max-width:calc( 1200px + 80px );margin-left: calc(-80px \/ 2 );margin-right: calc(-80px \/ 2 );\"><div class=\"fusion-layout-column fusion_builder_column fusion-builder-column-0 fusion_builder_column_1_1 1_1 fusion-flex-column fusion-animated\" data-animationType=\"fadeIn\" data-animationDuration=\"1.0\" data-animationOffset=\"top-into-view\"><div class=\"fusion-column-wrapper fusion-flex-justify-content-flex-start fusion-content-layout-column\" style=\"background-position:left top;background-repeat:no-repeat;-webkit-background-size:cover;-moz-background-size:cover;-o-background-size:cover;background-size:cover;padding: 0px 0px 0px 0px;\"><div class=\"fusion-text fusion-text-1 fusion-text-no-margin\" style=\"text-align:left;\"><p><strong>Societatea ABSOLUT SRL denumit\u0103 \u00een continuare ABSOLUT <\/strong>prelucreaz\u0103 date personale, \u00een conformitate cu prevederile legale \u00een materie de prelucrare a datelor cu caracter personal \u0219i liber\u0103 circula\u021bie a acestor date, respectiv Regulamentul UE nr. 679\/2016 (cunoscut sub numele de GDPR).<\/p>\n<p>Rolul prezentei inform\u0103ri este de a explica modul \u0219i scopul \u00een care datele dumneavoastr\u0103 personale sunt procesate \u0219i cum ne asigur\u0103m c\u0103 v\u0103 sunt respectate drepturile \u0219i se reduc la minim riscurile de accesare sau utilizare neautorizat\u0103 a acestor date.<\/p>\n<p>V\u0103 rug\u0103m s\u0103 citi\u021bi aceast\u0103 informare cu aten\u021bie.<\/p>\n<p><strong> I. \u00cen ce scop \u0219i pe ce temei proces\u0103m datele cu caracter personal<\/strong><\/p>\n<p><strong>ABSOLUT<\/strong> prelucreaz\u0103 datele dumneavoastr\u0103 personale \u00een urm\u0103toarele scopuri:<\/p>\n<ol>\n<li>\u00cen scopul \u00eencheierii \u0219i derul\u0103rii contractului \u00een baza c\u0103ruia v\u0103 prest\u0103m serviciile contractate (pe temeiul art. 6 alin. 1 lit. b) din Regulament \u2013 \u00eencheierea \u0219i executarea contractului);<\/li>\n<li>\u00cen scopul inform\u0103rii dumneavoastr\u0103 cu privire la alte oferte asem\u0103n\u0103toare celor contractate anterior precum \u0219i pentru \u00eembun\u0103t\u0103\u021birea permanent\u0103 a calit\u0103\u021bii serviciilor oferite (art. 6 alin. 1 lit. f) din Regulament \u2013 interes legitim);<\/li>\n<\/ol>\n<p><strong> II. Ce date cu caracter personal proces\u0103m<\/strong><\/p>\n<ol>\n<li>numele de familie \u0219i prenumele dumneavoastr\u0103, domiciliul, codul numeric personal, num\u0103rul de cont bancar \u2013 pentru a v\u0103 presta serviciile pe care le-a\u021bi contractat cu noi \u0219i \u00een vederea \u00eendeplinirii obliga\u021biilor legale legate de eviden\u021ba clien\u021bilor \u0219i pl\u0103\u021bilor;<\/li>\n<li>numele de familie \u0219i prenumele dumneavoastr\u0103, num\u0103rul de telefon \u0219i adresa de e-mail, \u00een vederea unei comunic\u0103ri c\u00e2t mai eficiente \u00een ce prive\u0219te prestarea serviciilor contractate de dumneavoastr\u0103.<\/li>\n<\/ol>\n<p><strong>III. Durata \u0219i modul \u00een care prelucr\u0103m datele cu caracter personal<\/strong><\/p>\n<p>Datele personale vor fi stocate at\u00e2ta timp c\u00e2t este obiectiv necesar pentru scopurile men\u021bionate mai sus. De exemplu, pentru respectarea dispozi\u021biilor legale, factura, ordinul de plat\u0103, chitan\u021bele \u0219i alte asemenea documente trebuie p\u0103strate 5 ani, iar documentele contractuale \u0219i dovezile de \u00eendeplinirea a obliga\u021biilor asumate trebuie p\u0103strate pe durata \u00eendeplinirii contractului \u0219i pe perioada de prescrip\u021bie care este, \u00een principiu, de 3 ani, astfel c\u0103 \u0219i datele personale con\u021binute \u00een aceste documente vor avea aceast\u0103 perioad\u0103 de p\u0103strare.<\/p>\n<p>Aceste date vor fi p\u0103strate \u00een conformitate cu legisla\u021bia \u00een vigoare \u0219i aplic\u0103m m\u0103suri tehnice \u0219i organizatorice de protejare a tuturor opera\u021biunilor privitoare \u00een mod direct sau indirect la datele cu caracter personal, care previn prelucr\u0103rile neautorizate sau ilegale, precum \u0219i pierderile sau distrugerile accidentale sau ilegale sau modific\u0103rile neautorizate.<\/p>\n<p>Societatea noastr\u0103 NU prelucreaz\u0103 datele dumneavoastr\u0103 personale printr-un proces decizional automatizat \u0219i NU creeaz\u0103 profiluri.<\/p>\n<p><strong> IV. Destinatarii datelor<\/strong> <strong>cu caracter personal<\/strong><\/p>\n<p>Dorim s\u0103 v\u0103 asigur\u0103m \u0219i pe aceast\u0103 cale c\u0103 datele personale colectate \u0219i procesate de c\u0103tre societatea noastr\u0103 NU sunt transmise ter\u021bilor \u00een scopuri de marketing sau alte scopuri diferite de acela pentru care au fost colectate.<\/p>\n<p><strong> V. Ce drepturi ave\u021bi \u00een ceea ce prive\u0219te datele dumneavoastr\u0103 personale?<\/strong><\/p>\n<p>(1) <strong>Dreptul de acces<\/strong> la datele cu caracter personal \u2013 pute\u021bi solicita informa\u021bii privind activit\u0103\u021bile de prelucrare a datelor dumneavoastr\u0103 personale.<\/p>\n<p>(2) <strong>Dreptul la rectificare<\/strong> \u2013 pute\u021bi rectifica datele personale inexacte sau le pute\u021bi completa.<\/p>\n<p>(3) <strong>Dreptul la \u0219tergerea<\/strong> <strong>datelor<\/strong> \u2013 pute\u021bi solicita \u0219tergerea datelor cu caracter personal care v\u0103 privesc, \u00een cazul \u00een care prelucrarea acestora nu a fost sau nu mai este legitim\u0103 sau \u00een alte cazuri prev\u0103zute de lege.<\/p>\n<p>(4) <strong>Dreptul de a v\u0103 retrage consim\u021b\u0103m\u00e2ntul<\/strong> \u2013 \u00een cazurile \u00een care prelucrarea se \u00eentemeiaz\u0103 pe consim\u021b\u0103m\u00e2ntul dumneavoastr\u0103, vi-l pute\u021bi retrage oric\u00e2nd. Retragerea consim\u021b\u0103m\u00e2ntului va avea efecte doar pentru viitor, prelucrarea efectuat\u0103 anterior retragerii r\u0103m\u00e2n\u00e2nd \u00een continuare legitim\u0103.<\/p>\n<p>(5) <strong>Dreptul la restric\u021bionarea prelucr\u0103rii<\/strong> \u2013 pute\u021bi solicita \u0219i ob\u021bine restric\u021bionarea prelucr\u0103rii datelor cu caracter personal care v\u0103 privesc \u00een cazul \u00een care contesta\u021bi exactitatea datelor, legitimitatea de\u021binerii lor sau \u00een alte cazuri prev\u0103zute de lege.<\/p>\n<p>(6) <strong>Dreptul la portabilitatea datelor<\/strong> \u2013 pute\u021bi primi, \u00een condi\u021biile legale, datele personale pe care ni le-a\u021bi furnizat, \u00eentr-un format care poate fi citit automat \u0219i pute\u021bi solicita ca respectivele date s\u0103 fie transmise altui operator.<\/p>\n<p>(7) <strong>Dreptul la opozi\u021bie<\/strong> \u2013 pute\u021bi s\u0103 v\u0103 opune\u021bi, \u00een special, prelucr\u0103rilor de date care se \u00eentemeiaz\u0103 pe interesul nostru legitim;<\/p>\n<p>(8) <strong>Dreptul de a depune o pl\u00e2ngere<\/strong> la societatea noastr\u0103\/sau la autoritatea competent\u0103 privind protec\u021bia datelor (ANSPDCP \u2013 <a href=\"http:\/\/www.dataprotection.ro\/\" target=\"_blank\" rel=\"noopener noreferrer\"><strong>www.dataprotection.ro<\/strong><\/a>).<\/p>\n<p>(9) <strong>Dreptul de a v\u0103 adresa justi\u021biei<\/strong>.<\/p>\n<p><strong> VI. Cum v\u0103 pute\u021bi exercita concret drepturile anterior amintite<\/strong><\/p>\n<p>Pentru exercitarea drepturilor men\u021bionate mai sus, precum \u0219i pentru orice \u00eentreb\u0103ri suplimentare cu privire la aceast\u0103 Notificare sau \u00een leg\u0103tur\u0103 cu utilizarea de c\u0103tre societatea noastr\u0103 a datelor dumneavoastr\u0103 personale, v\u0103 rugam s\u0103 contacta\u021bi responsabilul nostru cu protec\u021bia datelor personale. Datele de contact ale responsabilului cu protec\u021bia datelor, din cadrul societ\u0103\u021bii noastre, sunt: office@absolutprint.ro, telefon +40 260 642.088;<\/p>\n<p>Dac\u0103 dori\u021bi s\u0103 v\u0103 exercita\u021bi dreptul de a formula pl\u00e2ngere la autoritatea de stat competent\u0103, aceasta este Autoritatea Na\u021bional\u0103 de Supravegherea a Prelucr\u0103rii Datelor cu Caracter Personal (ANSPDCP \u2013 <strong><u><a href=\"http:\/\/www.dataprotection.ro\" target=\"_blank\" rel=\"noopener noreferrer\">www.dataprotection.ro<\/a><\/u><\/strong>) care are dreptul s\u0103 investigheze pe cale administrativ\u0103 situa\u021bia sesizat\u0103 \u0219i s\u0103 dispun\u0103 m\u0103suri pentru rezolvarea adecvat\u0103 a nemul\u021bumirilor dumneavoastr\u0103 put\u00e2nd inclusiv s\u0103 formuleze o ac\u021biune \u00een instan\u021b\u0103 \u00een numele dumneavoastr\u0103 \u00een cazul \u00een care s-ar impune sesizarea justi\u021biei \u0219i dumneavoastr\u0103 nu o face\u021bi \u00een mod direct (conform prevederilor Legii 129\/2018)<\/p>\n<p><strong>VII. Modific\u0103rile acestei note<\/strong><\/p>\n<p>Legisla\u021bia de protec\u021bie a datelor cu caracter personal este \u00een plin\u0103 dinamic\u0103 urm\u00e2nd ca Rom\u00e2nia s\u0103 adopte prin lege \u0219i prin decizii ale ANSPDCP reglement\u0103ri privind aplicarea \u00een Rom\u00e2nia a prevederilor UE (GDPR). De asemenea, Comitetul European pentru Protec\u021bia Datelor are \u00een curs de elaborare sau revizuire diverse ghiduri de aplicare a GDPR \u0219i urmeaz\u0103, \u00een timp s\u0103 apar\u0103 \u0219i coduri de conduit\u0103, scheme de certificare \u0219i alte asemenea instrumente. Prin urmare, de\u0219i ABSOLUT a implementat adecvat GDPR, este foarte probabil s\u0103 se impun\u0103 ajust\u0103ri periodice ale politicii de confiden\u021bialitate \u0219i protec\u021bie a datelor cu caracter personal pentru a \u021bine pasul cu legisla\u021bia \u0219i bunele practici aflate \u00een plin\u0103 evolu\u021bie, precum \u0219i cu dezvoltarea societ\u0103\u021bii noastre \u0219i a tehnologiilor \u0219i practicilor de pe pia\u021b\u0103, astfel c\u0103 \u0219i prezenta informare va suferi modific\u0103ri pe care le vom afi\u0219a pe pagina noastr\u0103 de internet absolutprint.ro<\/p>\n<p>Informare GDPR versiunea 1.0 \/ <strong>10.03.2022<\/strong><\/p>\n<\/div><\/div><style type=\"text\/css\">.fusion-body .fusion-builder-column-0{width:100% !important;margin-top : 0px;margin-bottom : 80px;}.fusion-builder-column-0 > .fusion-column-wrapper {padding-top : 0px !important;padding-right : 0px !important;margin-right : 40px;padding-bottom : 0px !important;padding-left : 0px !important;margin-left : 40px;}@media only screen and (max-width:1024px) {.fusion-body .fusion-builder-column-0{width:100% !important;order : 0;margin-bottom : 70px;}.fusion-builder-column-0 > .fusion-column-wrapper {margin-right : 40px;margin-left : 40px;}}@media only screen and (max-width:640px) {.fusion-body .fusion-builder-column-0{width:100% !important;order : 0;margin-bottom : 50px;}.fusion-builder-column-0 > .fusion-column-wrapper {margin-right : 40px;margin-left : 40px;}}<\/style><\/div><\/div><style type=\"text\/css\">.fusion-body .fusion-flex-container.fusion-builder-row-1{ padding-top : 30px;margin-top : 0px;padding-right : 0px;padding-bottom : 0px;margin-bottom : 0px;padding-left : 0px;}@media only screen and (max-width:640px) {.fusion-body .fusion-flex-container.fusion-builder-row-1{ padding-top : 0px;}}<\/style><\/div>\n","protected":false},"excerpt":{"rendered":"","protected":false},"author":1,"featured_media":0,"parent":0,"menu_order":0,"comment_status":"closed","ping_status":"closed","template":"100-width.php","meta":{"footnotes":""},"class_list":["post-20435","page","type-page","status-publish","hentry"],"_links":{"self":[{"href":"https:\/\/absolutprint.ro\/en\/wp-json\/wp\/v2\/pages\/20435","targetHints":{"allow":["GET"]}}],"collection":[{"href":"https:\/\/absolutprint.ro\/en\/wp-json\/wp\/v2\/pages"}],"about":[{"href":"https:\/\/absolutprint.ro\/en\/wp-json\/wp\/v2\/types\/page"}],"author":[{"embeddable":true,"href":"https:\/\/absolutprint.ro\/en\/wp-json\/wp\/v2\/users\/1"}],"replies":[{"embeddable":true,"href":"https:\/\/absolutprint.ro\/en\/wp-json\/wp\/v2\/comments?post=20435"}],"version-history":[{"count":0,"href":"https:\/\/absolutprint.ro\/en\/wp-json\/wp\/v2\/pages\/20435\/revisions"}],"wp:attachment":[{"href":"https:\/\/absolutprint.ro\/en\/wp-json\/wp\/v2\/media?parent=20435"}],"curies":[{"name":"wp","href":"https:\/\/api.w.org\/{rel}","templated":true}]}}